{"id":1313,"date":"2023-03-31T22:19:47","date_gmt":"2023-03-31T22:19:47","guid":{"rendered":"https:\/\/anawebsite.net\/amiroad3\/?page_id=1313"},"modified":"2023-05-22T13:30:26","modified_gmt":"2023-05-22T13:30:26","slug":"fatima-tours","status":"publish","type":"page","link":"https:\/\/anawebsite.net\/amiroad3\/tours\/fatima-tours\/","title":{"rendered":"F\u00e1tima Tours"},"content":{"rendered":"<section class=\"wpb-content-wrapper\"><p>[vc_row css=&#8221;.vc_custom_1680001253235{margin-top: 100px !important;}&#8221;][vc_column width=&#8221;1\/2&#8243;][vc_row_inner][vc_column_inner width=&#8221;5\/6&#8243;][vc_images_carousel images=&#8221;2421,2419,2420&#8243; img_size=&#8221;full&#8221; onclick=&#8221;link_no&#8221; autoplay=&#8221;yes&#8221; hide_prev_next_buttons=&#8221;yes&#8221;][\/vc_column_inner][\/vc_row_inner][vc_row_inner][vc_column_inner][\/vc_column_inner][\/vc_row_inner][\/vc_column][vc_column width=&#8221;1\/2&#8243;][vc_custom_heading text=&#8221;F\u00e1tima&#8221; font_container=&#8221;tag:h1|font_size:36px|text_align:left|color:%231d1f2e|line_height:50px&#8221; google_fonts=&#8221;font_family:Montserrat%3Aregular%2C700|font_style:400%20regular%3A400%3Anormal&#8221;][vc_column_text el_class=&#8221;max-590&#8243;]First of all, during your F\u00e1tima tour, you will visit one of the most important sanctuaries in Europe. In addition an example of impressive religious architecture. Also, visit the awarded architecture piece of Santissima Trindade Church. While in \u00d3bidos, discover a typical and lovely medieval village, built between walls. Due to its hight, enjoy the panoramic view. Also, Nazar\u00e9 and Alcoba\u00e7a are places that will provide you a global insight about this region. While in Batalha visit the Batalha Monastery which is one of the best and original examples of late Gothic architecture. Because you rather customise your tour, just contact us. Finally, choose the best private tours service.[\/vc_column_text][vc_custom_heading text=&#8221;Tours 1&#8243; font_container=&#8221;tag:h4|font_size:14px|text_align:left&#8221; google_fonts=&#8221;font_family:Montserrat%3Aregular%2C700|font_style:700%20bold%20regular%3A700%3Anormal&#8221; el_class=&#8221;opacity06 letterspacing&#8221;][vc_column_text]<strong>5 hours<\/strong><br \/>\nTime and Itinerary according to your preferences.<\/p>\n<p><strong>We suggest:<\/strong>\u00a0Pick up: 9h &amp; Drop off: 14h<\/p>\n<ol>\n<li>Hotel<\/li>\n<li><a href=\"https:\/\/amiroad.pt\/tours\/fatima-tour\/fatima-sanctuary\/\">F\u00e1tima Sanctuary<\/a><\/li>\n<li><a href=\"https:\/\/amiroad.pt\/tours\/fatima-tour\/santissima-trindade-basilica\/\">Sant\u00edssima Trindade Bas\u00edlica<\/a><\/li>\n<li>Chapel of Apparitions<\/li>\n<\/ol>\n<p>[\/vc_column_text][vc_btn title=&#8221;BOOK NOW&#8221; style=&#8221;flat&#8221; shape=&#8221;square&#8221; color=&#8221;inverse&#8221; link=&#8221;url:https%3A%2F%2Fanawebsite.net%2Famiroad3%2Fcontact-us%2F|title:Contact%20Us&#8221;][\/vc_column][\/vc_row][vc_row css=&#8221;.vc_custom_1680000092689{margin-top: 100px !important;}&#8221;][vc_column width=&#8221;1\/2&#8243;][vc_custom_heading text=&#8221;Tours 2&#8243; font_container=&#8221;tag:h4|font_size:14px|text_align:left&#8221; google_fonts=&#8221;font_family:Montserrat%3Aregular%2C700|font_style:700%20bold%20regular%3A700%3Anormal&#8221; el_class=&#8221;opacity06 letterspacing&#8221;][vc_column_text]<strong>8 hours<\/strong><br \/>\nTime and Itinerary according to your preferences.<\/p>\n<p><strong>We suggest:<\/strong>\u00a0Pick up: 9h &amp; Drop off: 17h<\/p>\n<ol>\n<li>Hotel<\/li>\n<li><a href=\"https:\/\/amiroad.pt\/tours\/fatima-tour\/fatima-sanctuary\/\">F\u00e1tima Sanctuary<\/a><\/li>\n<li><a href=\"https:\/\/amiroad.pt\/tours\/fatima-tour\/santissima-trindade-basilica\/\">Sant\u00edssima Trindade Bas\u00edlica<\/a><\/li>\n<li>Chapel of Apparitions<\/li>\n<li>Houses of The Little Shepherds of Fatima<\/li>\n<li><a href=\"https:\/\/amiroad.pt\/tours\/fatima-tour\/nazare\/\">Nazar\u00e9<\/a><\/li>\n<li><a href=\"https:\/\/amiroad.pt\/tours\/fatima-tour\/alcobaca-monastery\/\">Monastery of Santa Maria de Alcoba\u00e7a<\/a><\/li>\n<li><a href=\"https:\/\/amiroad.pt\/tours\/fatima-tour\/obidos\/\">Town of \u00d3bidos<\/a><\/li>\n<li>Hotel<\/li>\n<\/ol>\n<p>[\/vc_column_text][\/vc_column][vc_column width=&#8221;1\/2&#8243;][vc_raw_html]JTVCc2hvcnRjb2RlLXdlYXRoZXItYXRsYXMlMjBjaXR5X3NlbGVjdG9yJTNEMTgwMTk4NSUyMHVuaXRfY19mJTNEJTI3YyUyNyUyMGxhbmd1YWdlJTNEJTI3ZW4lMjclMjBsYXlvdXQlM0QlMjdob3Jpem9udGFsJTI3JUMyJUEwYmFja2dyb3VuZF9jb2xvciUzRCUyN3RyYW5zcGFyZW50JTI3JTIwJUMyJUEwc3R5bGUlM0QlMjd3aWR0aCUzQTEwMCUyNSUzQiUyMGZvbnQtZmFtaWx5JTNBJTIwTW9udHNlcnJhdCUyQyUyMHNhbnMtc2VyaWYlM0IlMjBjb2xvciUzQSUyMzMzMzMzMyUzQiUyMHRleHQtc2hhZG93JTNBbm9uZSUzQiUyNyVDMiVBMGhvdXJseSUzRDUlMjBkYWlseSUzRDAlMjBzdW5yaXNlX3N1bnNldCUzRDAlMjBkZXRhaWxlZF9mb3JlY2FzdCUzRDElNUQ=[\/vc_raw_html][\/vc_column][\/vc_row][vc_row content_placement=&#8221;middle&#8221; css=&#8221;.vc_custom_1683903533925{margin-top: 80px !important;padding-bottom: 20px !important;background-color: #f9f9f9 !important;}&#8221;][vc_column css=&#8221;.vc_custom_1680012372941{margin-top: 0px !important;padding-top: 0px !important;}&#8221; el_class=&#8221;margin-auto&#8221;][vc_text_separator title=&#8221;F\u00c1TIMA, \u00d3BIDOS, BATALHA, NAZAR\u00c9 AND ALCOBA\u00c7A TOUR&#8221; el_class=&#8221;opacity06 letterspacing&#8221; css=&#8221;.vc_custom_1684485876874{padding-top: 50px !important;}&#8221;][\/vc_column][\/vc_row][vc_row css=&#8221;.vc_custom_1683903462974{background-color: #f9f9f9 !important;}&#8221;][vc_column][vc_tta_pageable no_fill_content_area=&#8221;true&#8221; active_section=&#8221;1&#8243; css_animation=&#8221;bottom-to-top&#8221;][vc_tta_section title=&#8221;F\u00e1tima Tours 1&#8243; tab_id=&#8221;1684486052935-90601f54-c7d3a2a4-82db&#8221;][vc_row_inner][vc_column_inner el_class=&#8221;relative&#8221; width=&#8221;1\/4&#8243;][vc_single_image image=&#8221;2421&#8243; img_size=&#8221;350&#215;329&#8243; alignment=&#8221;center&#8221; el_class=&#8221;hover-image&#8221;][vc_btn title=&#8221;EXPLORE&#8221; shape=&#8221;square&#8221; color=&#8221;white&#8221; size=&#8221;lg&#8221; align=&#8221;center&#8221; css_animation=&#8221;fadeIn&#8221; button_block=&#8221;true&#8221; el_class=&#8221;display-none btn-hover-see-more&#8221; link=&#8221;url:https%3A%2F%2Fanawebsite.net%2Famiroad3%2Ftours%2Ffatima-tours%2Ffatima-sanctuary%2F|title:F%C3%A1tima%20Sanctuary&#8221;][vc_column_text css_animation=&#8221;none&#8221;]<\/p>\n<h3 style=\"text-align: center;\">F\u00e1tima Sanctuary<\/h3>\n<p>[\/vc_column_text][\/vc_column_inner][vc_column_inner el_class=&#8221;relative&#8221; width=&#8221;1\/4&#8243;][vc_single_image image=&#8221;2444&#8243; img_size=&#8221;350&#215;329&#8243; alignment=&#8221;center&#8221; el_class=&#8221;hover-image&#8221;][vc_btn title=&#8221;EXPLORE&#8221; shape=&#8221;square&#8221; color=&#8221;white&#8221; size=&#8221;lg&#8221; align=&#8221;center&#8221; css_animation=&#8221;fadeIn&#8221; button_block=&#8221;true&#8221; el_class=&#8221;display-none btn-hover-see-more&#8221; link=&#8221;url:https%3A%2F%2Fanawebsite.net%2Famiroad3%2Ftours%2Ffatima-tours%2Fsantissima-trindade-basilica%2F|title:Santissima%20Trindade%20Basilica&#8221;][vc_column_text css_animation=&#8221;none&#8221;]<\/p>\n<h3 style=\"text-align: center;\">Santissima Trindade Basilica<\/h3>\n<p>[\/vc_column_text][\/vc_column_inner][vc_column_inner el_class=&#8221;relative&#8221; width=&#8221;1\/4&#8243;][vc_single_image image=&#8221;2441&#8243; img_size=&#8221;350&#215;329&#8243; alignment=&#8221;center&#8221; el_class=&#8221;hover-image&#8221;][vc_btn title=&#8221;EXPLORE&#8221; shape=&#8221;square&#8221; color=&#8221;white&#8221; size=&#8221;lg&#8221; align=&#8221;center&#8221; css_animation=&#8221;fadeIn&#8221; button_block=&#8221;true&#8221; el_class=&#8221;display-none btn-hover-see-more&#8221; link=&#8221;url:https%3A%2F%2Fanawebsite.net%2Famiroad3%2Ftours%2Ffatima-tours%2Fobidos%2F|title:%C3%93bidos&#8221;][vc_column_text css_animation=&#8221;none&#8221;]<\/p>\n<h3 style=\"text-align: center;\">\u00d3bidos<\/h3>\n<p>[\/vc_column_text][\/vc_column_inner][vc_column_inner el_class=&#8221;hover-image&#8221; width=&#8221;1\/4&#8243;][vc_single_image image=&#8221;2436&#8243; img_size=&#8221;350&#215;329&#8243; alignment=&#8221;center&#8221; el_class=&#8221;hover-image&#8221;][vc_btn title=&#8221;EXPLORE&#8221; shape=&#8221;square&#8221; color=&#8221;white&#8221; size=&#8221;lg&#8221; align=&#8221;center&#8221; css_animation=&#8221;fadeIn&#8221; button_block=&#8221;true&#8221; el_class=&#8221;display-none btn-hover-see-more&#8221; link=&#8221;url:https%3A%2F%2Fanawebsite.net%2Famiroad3%2Ftours%2Ffatima-tours%2Fnazare%2F|title:Nazar%C3%A9&#8243;][vc_column_text css_animation=&#8221;none&#8221;]<\/p>\n<h3 style=\"text-align: center;\">Nazar\u00e9<\/h3>\n<p>[\/vc_column_text][\/vc_column_inner][\/vc_row_inner][\/vc_tta_section][vc_tta_section title=&#8221;F\u00e1tima Tours 2&#8243; tab_id=&#8221;1684486053082-f326bb6e-8527a2a4-82db&#8221;][vc_row_inner][vc_column_inner el_class=&#8221;relative&#8221; width=&#8221;1\/4&#8243;][vc_single_image image=&#8221;2428&#8243; img_size=&#8221;350&#215;329&#8243; alignment=&#8221;center&#8221; el_class=&#8221;hover-image&#8221;][vc_btn title=&#8221;EXPLORE&#8221; shape=&#8221;square&#8221; color=&#8221;white&#8221; size=&#8221;lg&#8221; align=&#8221;center&#8221; css_animation=&#8221;fadeIn&#8221; button_block=&#8221;true&#8221; el_class=&#8221;display-none btn-hover-see-more&#8221; link=&#8221;url:https%3A%2F%2Fanawebsite.net%2Famiroad3%2Ftours%2Ffatima-tours%2Fbatalha-monastery%2F|title:Batalha%20Monastery&#8221;][vc_column_text css_animation=&#8221;none&#8221;]<\/p>\n<h3 style=\"text-align: center;\">Batalha Monastery<\/h3>\n<p>[\/vc_column_text][\/vc_column_inner][vc_column_inner el_class=&#8221;relative&#8221; width=&#8221;1\/4&#8243;][vc_single_image image=&#8221;2424&#8243; img_size=&#8221;350&#215;329&#8243; alignment=&#8221;center&#8221; el_class=&#8221;hover-image&#8221;][vc_btn title=&#8221;EXPLORE&#8221; shape=&#8221;square&#8221; color=&#8221;white&#8221; size=&#8221;lg&#8221; align=&#8221;center&#8221; css_animation=&#8221;fadeIn&#8221; button_block=&#8221;true&#8221; el_class=&#8221;display-none btn-hover-see-more&#8221; link=&#8221;url:https%3A%2F%2Fanawebsite.net%2Famiroad3%2Ftours%2Ffatima-tours%2Falcobaca-monastery%2F|title:Alcoba%C3%A7a%20Monastery&#8221;][vc_column_text css_animation=&#8221;none&#8221;]<\/p>\n<h3 style=\"text-align: center;\">Alcoba\u00e7a Monastery<\/h3>\n<p>[\/vc_column_text][\/vc_column_inner][vc_column_inner el_class=&#8221;relative&#8221; width=&#8221;1\/4&#8243;][\/vc_column_inner][vc_column_inner el_class=&#8221;hover-image&#8221; width=&#8221;1\/4&#8243;][\/vc_column_inner][\/vc_row_inner][\/vc_tta_section][\/vc_tta_pageable][\/vc_column][\/vc_row]<\/p>\n<\/section>","protected":false},"excerpt":{"rendered":"<p>[vc_row css=&#8221;.vc_custom_1680001253235{margin-top: 100px !important;}&#8221;][vc_column width=&#8221;1\/2&#8243;][vc_row_inner][vc_column_inner width=&#8221;5\/6&#8243;][vc_images_carousel images=&#8221;2421,2419,2420&#8243; img_size=&#8221;full&#8221; onclick=&#8221;link_no&#8221; autoplay=&#8221;yes&#8221; hide_prev_next_buttons=&#8221;yes&#8221;][\/vc_column_inner][\/vc_row_inner][vc_row_inner][vc_column_inner][\/vc_column_inner][\/vc_row_inner][\/vc_column][vc_column width=&#8221;1\/2&#8243;][vc_custom_heading text=&#8221;F\u00e1tima&#8221; font_container=&#8221;tag:h1|font_size:36px|text_align:left|color:%231d1f2e|line_height:50px&#8221; google_fonts=&#8221;font_family:Montserrat%3Aregular%2C700|font_style:400%20regular%3A400%3Anormal&#8221;][vc_column_text el_class=&#8221;max-590&#8243;]First of all, during your F\u00e1tima tour, you will visit one of the most important sanctuaries in Europe. In addition an example of impressive religious architecture. Also, visit the awarded architecture piece of Santissima Trindade Church. While in \u00d3bidos, discover [&hellip;]<\/p>\n","protected":false},"author":1,"featured_media":0,"parent":433,"menu_order":0,"comment_status":"closed","ping_status":"closed","template":"","meta":{"footnotes":"","_expiration-date-status":"","_expiration-date":0,"_expiration-date-type":"","_expiration-date-categories":[],"_expiration-date-options":[]},"class_list":["post-1313","page","type-page","status-publish","hentry"],"_links":{"self":[{"href":"https:\/\/anawebsite.net\/amiroad3\/wp-json\/wp\/v2\/pages\/1313","targetHints":{"allow":["GET"]}}],"collection":[{"href":"https:\/\/anawebsite.net\/amiroad3\/wp-json\/wp\/v2\/pages"}],"about":[{"href":"https:\/\/anawebsite.net\/amiroad3\/wp-json\/wp\/v2\/types\/page"}],"author":[{"embeddable":true,"href":"https:\/\/anawebsite.net\/amiroad3\/wp-json\/wp\/v2\/users\/1"}],"replies":[{"embeddable":true,"href":"https:\/\/anawebsite.net\/amiroad3\/wp-json\/wp\/v2\/comments?post=1313"}],"version-history":[{"count":11,"href":"https:\/\/anawebsite.net\/amiroad3\/wp-json\/wp\/v2\/pages\/1313\/revisions"}],"predecessor-version":[{"id":3684,"href":"https:\/\/anawebsite.net\/amiroad3\/wp-json\/wp\/v2\/pages\/1313\/revisions\/3684"}],"up":[{"embeddable":true,"href":"https:\/\/anawebsite.net\/amiroad3\/wp-json\/wp\/v2\/pages\/433"}],"wp:attachment":[{"href":"https:\/\/anawebsite.net\/amiroad3\/wp-json\/wp\/v2\/media?parent=1313"}],"curies":[{"name":"wp","href":"https:\/\/api.w.org\/{rel}","templated":true}]}}