{"id":2199,"date":"2023-05-03T01:31:45","date_gmt":"2023-05-03T01:31:45","guid":{"rendered":"https:\/\/anawebsite.net\/amiroad3\/about-copy\/"},"modified":"2023-05-20T10:20:20","modified_gmt":"2023-05-20T10:20:20","slug":"sobre-nos","status":"publish","type":"page","link":"https:\/\/anawebsite.net\/amiroad3\/pt\/sobre-nos\/","title":{"rendered":"Sobre N\u00f3s"},"content":{"rendered":"<section class=\"wpb-content-wrapper\"><p>[vc_row css=&#8221;.vc_custom_1681916533831{margin-bottom: 30px !important;}&#8221;][vc_column][vc_custom_heading text=&#8221;Sobre N\u00f3s&#8221; font_container=&#8221;tag:h1|font_size:36px|text_align:center|color:%231d1f2e|line_height:50px&#8221; google_fonts=&#8221;font_family:Montserrat%3Aregular%2C700|font_style:400%20regular%3A400%3Anormal&#8221;][vc_separator color=&#8221;custom&#8221; el_width=&#8221;10&#8243; accent_color=&#8221;#ececed&#8221; el_class=&#8221;max-60&#8243; css=&#8221;.vc_custom_1681917075058{margin-top: 40px !important;}&#8221;][vc_column_text]<\/p>\n<h2 class=\"vc_custom_heading vc_custom_1523816800425\" style=\"text-align: center;\">Passeios privados pelos pontos tur\u00edsticos de Portugal, em cada cidade, de norte a sul do pa\u00eds. Conte com a Amiroad para o levar \u00e0 sua reuni\u00e3o ou evento. Escolha um transfere de primeira classe.<\/h2>\n<p>[\/vc_column_text][\/vc_column][\/vc_row][vc_row content_placement=&#8221;middle&#8221; css_animation=&#8221;slideInUp&#8221;][vc_column width=&#8221;1\/2&#8243;][vc_video link=&#8221;https:\/\/www.youtube.com\/watch?v=ouhp4OHdKBU&#8221;][\/vc_column][vc_column width=&#8221;1\/2&#8243; css=&#8221;.vc_custom_1681914013695{padding-left: 30px !important;}&#8221;][vc_custom_heading text=&#8221;Para a Amiroad a prioridade \u00e9 o seu bem-estar&#8221; font_container=&#8221;tag:h3|font_size:24px|text_align:left|color:%231d1f2e|line_height:36px&#8221; google_fonts=&#8221;font_family:Montserrat%3Aregular%2C700|font_style:400%20regular%3A400%3Anormal&#8221;][vc_separator color=&#8221;custom&#8221; align=&#8221;align_left&#8221; el_width=&#8221;10&#8243; accent_color=&#8221;#ececed&#8221; el_class=&#8221;max-30&#8243;][vc_column_text]\u00c9 por\u00a0isso que a Amiroad imp\u00f5e a excel\u00eancia nas\u00a0nossas\u00a0tours e servi\u00e7os. Valorizamos o respeito em cada rela\u00e7\u00e3o e acima de tudo, o profissionalismo e confian\u00e7a nos nossos transportes. Baseamo-nos em pilares de confian\u00e7a, qualidade, integridade e profissionalismo.<\/p>\n<p>Somos especializados no turismo privado em Portugal. Em transfers do aeroporto para o seu destino, e tamb\u00e9m nos transportes para reuni\u00f5es, eventos ou confer\u00eancias.[\/vc_column_text][\/vc_column][\/vc_row][vc_row content_placement=&#8221;middle&#8221; css_animation=&#8221;right-to-left&#8221; css=&#8221;.vc_custom_1681916982158{margin-top: 70px !important;}&#8221;][vc_column width=&#8221;1\/2&#8243;][vc_custom_heading text=&#8221;A satisfa\u00e7\u00e3o de cada cliente \u00e9 a base dos nossos servi\u00e7os e o nosso principal objectivo.&#8221; font_container=&#8221;tag:h3|font_size:24px|text_align:left|color:%231d1f2e|line_height:36px&#8221; google_fonts=&#8221;font_family:Montserrat%3Aregular%2C700|font_style:400%20regular%3A400%3Anormal&#8221;][vc_separator color=&#8221;custom&#8221; align=&#8221;align_left&#8221; el_width=&#8221;10&#8243; accent_color=&#8221;#ececed&#8221; el_class=&#8221;max-30&#8243;][vc_column_text]A nossa\u00a0equipa de motoristas\u00a0\u00e9 altamente\u00a0qualificada e fluente em ingl\u00eas alem\u00e3o, Franc\u00eas ou Espanhol. Al\u00e9m disto, disp\u00f5em tamb\u00e9m de um elevado conhecimento cultural e hist\u00f3rico sobre Portugal.\u00a0 Ainda, o conforto das nossas viaturas vai proporcionar-lhe um passeio calmo e seguro.<br \/>\nEscolha a Amiroad Luxury Transports para uma experi\u00eancia inesquec\u00edvel em Portugal.<\/p>\n<p>Os nossos\u00a0ve\u00edculos s\u00e3o a escolha\u00a0perfeita\u00a0para umas\u00a0f\u00e9rias de luxo\u00a0pelas\u00a0diferentes e encantadoras\u00a0regi\u00f5es de Portugal.<\/p>\n<p>Escolha a AMIROAD Luxury Transports pela qualidade, distin\u00e7\u00e3o, pela eleg\u00e2ncia e seguran\u00e7a.<\/p>\n<p>Licenciado para todos os tipos de transporte de passageiros e coberto por ap\u00f3lices de seguro.[\/vc_column_text][\/vc_column][vc_column width=&#8221;1\/2&#8243;][vc_single_image image=&#8221;1849&#8243; img_size=&#8221;full&#8221; alignment=&#8221;right&#8221;][\/vc_column][\/vc_row][vc_row content_placement=&#8221;middle&#8221; css=&#8221;.vc_custom_1681914711515{margin-top: 80px !important;margin-bottom: 80px !important;}&#8221;][vc_column width=&#8221;1\/2&#8243;][vc_single_image image=&#8221;514&#8243; alignment=&#8221;center&#8221;][\/vc_column][vc_column width=&#8221;1\/2&#8243;][vc_single_image image=&#8221;518&#8243; img_size=&#8221;150&#215;32&#8243;][vc_custom_heading text=&#8221;Amiroad Luxury Transports&#8221; font_container=&#8221;tag:h3|font_size:18px|text_align:left|line_height:28px&#8221; google_fonts=&#8221;font_family:Montserrat%3Aregular%2C700|font_style:700%20bold%20regular%3A700%3Anormal&#8221; css=&#8221;.vc_custom_1681914820300{margin-top: 30px !important;}&#8221;][vc_raw_html css=&#8221;.vc_custom_1681916427093{margin-bottom: 0px !important;padding-bottom: 0px !important;}&#8221;]JTNDc3BhbiUyMHN0eWxlJTNEJTIyZm9udC1zaXplJTNBJTIwMTFweCUzQiUyMGZvbnQtd2VpZ2h0JTNBJTIwNTAwJTNCJTIwY29sb3IlM0ElMjAlMjMxZDFmMmUlMjIlM0VUcmlwJTIwVHJhdmVsZXIlMjBSYW5raW5nJTNDJTJGc3BhbiUzRSUzQ2JyJTNFJTBBJTNDc3BhbiUyMHN0eWxlJTNEJTIyd2lkdGglM0ElMjAxMHB4JTNCaGVpZ2h0JTNBJTIwMTBweCUzQm1hcmdpbi1yaWdodCUzQSUyMDJweCUzQmJvcmRlci1yYWRpdXMlM0ElMjAyMHB4JTNCYmFja2dyb3VuZC1jb2xvciUzQSUyMCUyMzM0ZTBhMiUzQiUyMGRpc3BsYXklM0ElMjBpbmxpbmUtYmxvY2slMjIlM0UlM0MlMkZzcGFuJTNFJTNDc3BhbiUyMHN0eWxlJTNEJTIyd2lkdGglM0ElMjAxMHB4JTNCaGVpZ2h0JTNBJTIwMTBweCUzQm1hcmdpbi1yaWdodCUzQSUyMDJweCUzQmJvcmRlci1yYWRpdXMlM0ElMjAyMHB4JTNCYmFja2dyb3VuZC1jb2xvciUzQSUyMCUyMzM0ZTBhMiUzQiUyMGRpc3BsYXklM0ElMjBpbmxpbmUtYmxvY2slMjIlM0UlM0MlMkZzcGFuJTNFJTNDc3BhbiUyMHN0eWxlJTNEJTIyd2lkdGglM0ElMjAxMHB4JTNCaGVpZ2h0JTNBJTIwMTBweCUzQm1hcmdpbi1yaWdodCUzQSUyMDJweCUzQmJvcmRlci1yYWRpdXMlM0ElMjAyMHB4JTNCYmFja2dyb3VuZC1jb2xvciUzQSUyMCUyMzM0ZTBhMiUzQiUyMGRpc3BsYXklM0ElMjBpbmxpbmUtYmxvY2slMjIlM0UlM0MlMkZzcGFuJTNFJTNDc3BhbiUyMHN0eWxlJTNEJTIyd2lkdGglM0ElMjAxMHB4JTNCaGVpZ2h0JTNBJTIwMTBweCUzQm1hcmdpbi1yaWdodCUzQSUyMDJweCUzQmJvcmRlci1yYWRpdXMlM0ElMjAyMHB4JTNCYmFja2dyb3VuZC1jb2xvciUzQSUyMCUyMzM0ZTBhMiUzQiUyMGRpc3BsYXklM0ElMjBpbmxpbmUtYmxvY2slMjIlM0UlM0MlMkZzcGFuJTNFJTNDc3BhbiUyMHN0eWxlJTNEJTIyd2lkdGglM0ElMjAxMHB4JTNCaGVpZ2h0JTNBJTIwMTBweCUzQm1hcmdpbi1yaWdodCUzQSUyMDJweCUzQmJvcmRlci1yYWRpdXMlM0ElMjAyMHB4JTNCYmFja2dyb3VuZC1jb2xvciUzQSUyMCUyMzM0ZTBhMiUzQiUyMGRpc3BsYXklM0ElMjBpbmxpbmUtYmxvY2slMjIlM0UlM0MlMkZzcGFuJTNFJTNDc3BhbiUyMHN0eWxlJTNEJTIyd2lkdGglM0ElMjAxMHB4JTNCaGVpZ2h0JTNBJTIwMTBweCUzQm1hcmdpbi1yaWdodCUzQSUyMDJweCUzQmJvcmRlci1yYWRpdXMlM0ElMjAyMHB4JTNCYmFja2dyb3VuZC1jb2xvciUzQSUyMCUyMzM0ZTBhMiUzQiUyMGRpc3BsYXklM0ElMjBpbmxpbmUtYmxvY2slMjIlM0UlM0MlMkZzcGFuJTNFJTBBJTNDc3BhbiUyMHN0eWxlJTNEJTIyZm9udC1zaXplJTNBJTIwMTFweCUzQiUyMGZvbnQtd2VpZ2h0JTNBJTIwNTAwJTNCJTIwY29sb3IlM0ElMjAlMjMxZDFmMmUlMjIlM0U0MDUlMjByZXZpZXdzJTNDJTJGc3BhbiUzRQ==[\/vc_raw_html][vc_column_text]<span style=\"font-size: 11px; font-weight: 500;\">Trip Traveler Ranking<\/span><br \/>\n<span style=\"font-size: 18px; font-weight: 500;\">#3 of 492 Transportation in Lisbon<\/span><br \/>\n<span style=\"font-size: 11px; font-weight: 500;\">Recent Traveler Reviews<\/span><br \/>\n&#8220;Professional and reliable&#8221;<br \/>\n&#8220;I will use them again and again&#8230;&#8221;<br \/>\n&#8220;Luxurious Personal Tour of Lisbon&#8221;<br \/>\n&#8220;Awesome day trip excursion to Sintra!&#8221;<br \/>\n&#8220;Great transport service&#8221;[\/vc_column_text][\/vc_column][\/vc_row][vc_row parallax=&#8221;content-moving&#8221; parallax_image=&#8221;1853&#8243; parallax_speed_bg=&#8221;2.5&#8243; css=&#8221;.vc_custom_1681911236538{padding-top: 200px !important;padding-bottom: 200px !important;}&#8221;][vc_column][\/vc_column][\/vc_row]<\/p>\n<\/section>","protected":false},"excerpt":{"rendered":"<p>[vc_row css=&#8221;.vc_custom_1681916533831{margin-bottom: 30px !important;}&#8221;][vc_column][vc_custom_heading text=&#8221;Sobre N\u00f3s&#8221; font_container=&#8221;tag:h1|font_size:36px|text_align:center|color:%231d1f2e|line_height:50px&#8221; google_fonts=&#8221;font_family:Montserrat%3Aregular%2C700|font_style:400%20regular%3A400%3Anormal&#8221;][vc_separator color=&#8221;custom&#8221; el_width=&#8221;10&#8243; accent_color=&#8221;#ececed&#8221; el_class=&#8221;max-60&#8243; css=&#8221;.vc_custom_1681917075058{margin-top: 40px !important;}&#8221;][vc_column_text] Passeios privados pelos pontos tur\u00edsticos de Portugal, em cada cidade, de norte a sul do pa\u00eds. Conte com a Amiroad para o levar \u00e0 sua reuni\u00e3o ou evento. Escolha um transfere de primeira classe. [\/vc_column_text][\/vc_column][\/vc_row][vc_row content_placement=&#8221;middle&#8221; css_animation=&#8221;slideInUp&#8221;][vc_column width=&#8221;1\/2&#8243;][vc_video link=&#8221;https:\/\/www.youtube.com\/watch?v=ouhp4OHdKBU&#8221;][\/vc_column][vc_column width=&#8221;1\/2&#8243; [&hellip;]<\/p>\n","protected":false},"author":1,"featured_media":0,"parent":0,"menu_order":0,"comment_status":"closed","ping_status":"closed","template":"","meta":{"footnotes":"","_expiration-date-status":"","_expiration-date":0,"_expiration-date-type":"","_expiration-date-categories":[],"_expiration-date-options":[]},"class_list":["post-2199","page","type-page","status-publish","hentry"],"_links":{"self":[{"href":"https:\/\/anawebsite.net\/amiroad3\/wp-json\/wp\/v2\/pages\/2199","targetHints":{"allow":["GET"]}}],"collection":[{"href":"https:\/\/anawebsite.net\/amiroad3\/wp-json\/wp\/v2\/pages"}],"about":[{"href":"https:\/\/anawebsite.net\/amiroad3\/wp-json\/wp\/v2\/types\/page"}],"author":[{"embeddable":true,"href":"https:\/\/anawebsite.net\/amiroad3\/wp-json\/wp\/v2\/users\/1"}],"replies":[{"embeddable":true,"href":"https:\/\/anawebsite.net\/amiroad3\/wp-json\/wp\/v2\/comments?post=2199"}],"version-history":[{"count":3,"href":"https:\/\/anawebsite.net\/amiroad3\/wp-json\/wp\/v2\/pages\/2199\/revisions"}],"predecessor-version":[{"id":2202,"href":"https:\/\/anawebsite.net\/amiroad3\/wp-json\/wp\/v2\/pages\/2199\/revisions\/2202"}],"wp:attachment":[{"href":"https:\/\/anawebsite.net\/amiroad3\/wp-json\/wp\/v2\/media?parent=2199"}],"curies":[{"name":"wp","href":"https:\/\/api.w.org\/{rel}","templated":true}]}}